{"id":83,"date":"2023-09-01T13:20:49","date_gmt":"2023-09-01T13:20:49","guid":{"rendered":"https:\/\/herzklang-verein.at\/?page_id=83"},"modified":"2024-12-12T23:18:12","modified_gmt":"2024-12-12T23:18:12","slug":"mitgliedschaft","status":"publish","type":"page","link":"https:\/\/herzklang-verein.at\/index.php\/mitgliedschaft\/","title":{"rendered":"Werde Mitglied"},"content":{"rendered":"\t\t<div data-elementor-type=\"wp-page\" data-elementor-id=\"83\" class=\"elementor elementor-83\">\n\t\t\t\t\t\t\t<div class=\"elementor-element elementor-element-8a4220a e-con-full e-flex e-con\" data-id=\"8a4220a\" data-element_type=\"container\" data-settings=\"{&quot;content_width&quot;:&quot;full&quot;,&quot;background_background&quot;:&quot;classic&quot;}\">\n\t\t\t\t<\/div>\n\t\t<div class=\"elementor-element elementor-element-9af712a e-flex e-con-boxed e-con\" data-id=\"9af712a\" data-element_type=\"container\" data-settings=\"{&quot;background_background&quot;:&quot;classic&quot;,&quot;content_width&quot;:&quot;boxed&quot;}\">\n\t\t\t\t\t<div class=\"e-con-inner\">\n\t\t<div class=\"elementor-element elementor-element-1b8fb02 e-con-full e-flex e-con\" data-id=\"1b8fb02\" data-element_type=\"container\" data-settings=\"{&quot;content_width&quot;:&quot;full&quot;,&quot;background_background&quot;:&quot;classic&quot;}\">\n\t\t<div class=\"elementor-element elementor-element-5911516 e-flex e-con-boxed e-con\" data-id=\"5911516\" data-element_type=\"container\" data-settings=\"{&quot;content_width&quot;:&quot;boxed&quot;}\">\n\t\t\t\t\t<div class=\"e-con-inner\">\n\t\t\t\t<div class=\"elementor-element elementor-element-b9dd85d elementor-widget elementor-widget-heading\" data-id=\"b9dd85d\" data-element_type=\"widget\" data-widget_type=\"heading.default\">\n\t\t\t\t<div class=\"elementor-widget-container\">\n\t\t\t<style>\/*! elementor - v3.15.0 - 20-08-2023 *\/\n.elementor-heading-title{padding:0;margin:0;line-height:1}.elementor-widget-heading .elementor-heading-title[class*=elementor-size-]>a{color:inherit;font-size:inherit;line-height:inherit}.elementor-widget-heading .elementor-heading-title.elementor-size-small{font-size:15px}.elementor-widget-heading .elementor-heading-title.elementor-size-medium{font-size:19px}.elementor-widget-heading .elementor-heading-title.elementor-size-large{font-size:29px}.elementor-widget-heading .elementor-heading-title.elementor-size-xl{font-size:39px}.elementor-widget-heading .elementor-heading-title.elementor-size-xxl{font-size:59px}<\/style><h2 class=\"elementor-heading-title elementor-size-default\">Werde Vereinsmitglied<\/h2>\t\t<\/div>\n\t\t\t\t<\/div>\n\t\t\t\t<div class=\"elementor-element elementor-element-0667c7c elementor-widget elementor-widget-text-editor\" data-id=\"0667c7c\" data-element_type=\"widget\" data-widget_type=\"text-editor.default\">\n\t\t\t\t<div class=\"elementor-widget-container\">\n\t\t\t<style>\/*! elementor - v3.15.0 - 20-08-2023 *\/\n.elementor-widget-text-editor.elementor-drop-cap-view-stacked .elementor-drop-cap{background-color:#69727d;color:#fff}.elementor-widget-text-editor.elementor-drop-cap-view-framed .elementor-drop-cap{color:#69727d;border:3px solid;background-color:transparent}.elementor-widget-text-editor:not(.elementor-drop-cap-view-default) .elementor-drop-cap{margin-top:8px}.elementor-widget-text-editor:not(.elementor-drop-cap-view-default) .elementor-drop-cap-letter{width:1em;height:1em}.elementor-widget-text-editor .elementor-drop-cap{float:left;text-align:center;line-height:1;font-size:50px}.elementor-widget-text-editor .elementor-drop-cap-letter{display:inline-block}<\/style>\t\t\t\t<p>Werde Teil der HerzKlang-Familie! Wir freuen uns \u00fcber jedes neue Mitglied, und dar\u00fcber, dass unser Verein w\u00e4chst. Wenn dich unsere Verensziele und Aktivit\u00e4ten ansprechen und du zuk\u00fcnftig ein Teil davon sein m\u00f6chtest, melde dich sehr gerne bei uns.<\/p>\t\t\t\t\t\t<\/div>\n\t\t\t\t<\/div>\n\t\t\t\t\t<\/div>\n\t\t\t\t<\/div>\n\t\t\t\t<\/div>\n\t\t<div class=\"elementor-element elementor-element-756fbde e-con-full e-flex e-con\" data-id=\"756fbde\" data-element_type=\"container\" data-settings=\"{&quot;content_width&quot;:&quot;full&quot;,&quot;background_background&quot;:&quot;classic&quot;}\">\n\t\t\t\t<div class=\"elementor-element elementor-element-0d8a608 elementor-widget elementor-widget-image\" data-id=\"0d8a608\" data-element_type=\"widget\" data-widget_type=\"image.default\">\n\t\t\t\t<div class=\"elementor-widget-container\">\n\t\t\t<style>\/*! elementor - v3.15.0 - 20-08-2023 *\/\n.elementor-widget-image{text-align:center}.elementor-widget-image a{display:inline-block}.elementor-widget-image a img[src$=\".svg\"]{width:48px}.elementor-widget-image img{vertical-align:middle;display:inline-block}<\/style>\t\t\t\t\t\t\t\t\t\t\t\t<img loading=\"lazy\" decoding=\"async\" width=\"300\" height=\"200\" src=\"https:\/\/herzklang-verein.at\/wp-content\/uploads\/2023\/09\/joy-2483926_1280-300x200.jpg\" class=\"attachment-medium size-medium wp-image-102\" alt=\"Frau mit Herzballon\" srcset=\"https:\/\/herzklang-verein.at\/wp-content\/uploads\/2023\/09\/joy-2483926_1280-300x200.jpg 300w, https:\/\/herzklang-verein.at\/wp-content\/uploads\/2023\/09\/joy-2483926_1280-1024x684.jpg 1024w, https:\/\/herzklang-verein.at\/wp-content\/uploads\/2023\/09\/joy-2483926_1280-768x513.jpg 768w, https:\/\/herzklang-verein.at\/wp-content\/uploads\/2023\/09\/joy-2483926_1280-1140x761.jpg 1140w, https:\/\/herzklang-verein.at\/wp-content\/uploads\/2023\/09\/joy-2483926_1280.jpg 1280w\" sizes=\"auto, (max-width: 300px) 100vw, 300px\" \/>\t\t\t\t\t\t\t\t\t\t\t\t\t\t\t<\/div>\n\t\t\t\t<\/div>\n\t\t\t\t<\/div>\n\t\t<div class=\"elementor-element elementor-element-8b87d1c e-con-full e-flex e-con\" data-id=\"8b87d1c\" data-element_type=\"container\" data-settings=\"{&quot;content_width&quot;:&quot;full&quot;,&quot;background_background&quot;:&quot;classic&quot;}\">\n\t\t\t\t<div class=\"elementor-element elementor-element-edce48e elementor-widget elementor-widget-heading\" data-id=\"edce48e\" data-element_type=\"widget\" data-widget_type=\"heading.default\">\n\t\t\t\t<div class=\"elementor-widget-container\">\n\t\t\t<h2 class=\"elementor-heading-title elementor-size-default\">Vorteile einer Vereinsmitgliedschaft<\/h2>\t\t<\/div>\n\t\t\t\t<\/div>\n\t\t\t\t<div class=\"elementor-element elementor-element-04798c6 elementor-widget elementor-widget-text-editor\" data-id=\"04798c6\" data-element_type=\"widget\" data-widget_type=\"text-editor.default\">\n\t\t\t\t<div class=\"elementor-widget-container\">\n\t\t\t\t\t\t\t<p>Mit deiner Mitgliedschaft profitierst du von den nachfolgenden Punkten:<\/p><ul><li>Erm\u00e4\u00dfigungen auf s\u00e4mtliche Retreats, Seminare, Kurse und Workshops, die der Verein anbietet.\u00a0 \u00a0 \u00a0<\/li><li>Erm\u00e4\u00dfigungen auf Angebote von unseren Herzenspartnern.\u00a0<\/li><li>Mit deiner Mitgliedschaft f\u00f6rderst du automatisch das Herzensprojekt: &#8222;Singen f\u00fcr und mit Menschen mit Handicap&#8220;<\/li><\/ul>\t\t\t\t\t\t<\/div>\n\t\t\t\t<\/div>\n\t\t\t\t<div class=\"elementor-element elementor-element-af057f9 elementor-widget elementor-widget-text-editor\" data-id=\"af057f9\" data-element_type=\"widget\" data-widget_type=\"text-editor.default\">\n\t\t\t\t<div class=\"elementor-widget-container\">\n\t\t\t\t\t\t\t<p><strong>Jahresf\u00f6rdermitgliedschaft: ab 55,00 EUR<\/strong><\/p><p>WEIHNACHTS\/NEUJAHRSAKTION:<br \/>F\u00f6rdermitgliedschaft ab 35\u20ac &#8211; bis September 2025 Mitglied sein.<\/p>\t\t\t\t\t\t<\/div>\n\t\t\t\t<\/div>\n\t\t\t\t<div class=\"elementor-element elementor-element-92be37d elementor-align-center elementor-widget elementor-widget-button\" data-id=\"92be37d\" data-element_type=\"widget\" data-widget_type=\"button.default\">\n\t\t\t\t<div class=\"elementor-widget-container\">\n\t\t\t\t\t<div class=\"elementor-button-wrapper\">\n\t\t\t<a class=\"elementor-button elementor-button-link elementor-size-sm\" href=\"https:\/\/herzklang-verein.at\/index.php\/kontaktformular\/\">\n\t\t\t\t\t\t<span class=\"elementor-button-content-wrapper\">\n\t\t\t\t\t\t<span class=\"elementor-button-icon elementor-align-icon-left\">\n\t\t\t\t<i aria-hidden=\"true\" class=\"fas fa-heart\"><\/i>\t\t\t<\/span>\n\t\t\t\t\t\t<span class=\"elementor-button-text\">Mitglied werden<\/span>\n\t\t<\/span>\n\t\t\t\t\t<\/a>\n\t\t<\/div>\n\t\t\t\t<\/div>\n\t\t\t\t<\/div>\n\t\t\t\t<\/div>\n\t\t\t\t\t<\/div>\n\t\t\t\t<\/div>\n\t\t\t\t\t\t\t<\/div>\n\t\t","protected":false},"excerpt":{"rendered":"<p>Werde Vereinsmitglied Werde Teil der HerzKlang-Familie! Wir freuen uns \u00fcber jedes neue Mitglied, und dar\u00fcber, dass unser Verein w\u00e4chst. Wenn dich unsere Verensziele und Aktivit\u00e4ten ansprechen und du zuk\u00fcnftig ein Teil davon sein m\u00f6chtest, melde dich sehr gerne bei uns. Vorteile einer Vereinsmitgliedschaft Mit deiner Mitgliedschaft profitierst du von den nachfolgenden Punkten: Erm\u00e4\u00dfigungen auf s\u00e4mtliche [&hellip;]<\/p>\n","protected":false},"author":1,"featured_media":0,"parent":0,"menu_order":0,"comment_status":"closed","ping_status":"closed","template":"","meta":{"give_campaign_id":0,"footnotes":""},"class_list":["post-83","page","type-page","status-publish","hentry","entry"],"yoast_head":"<!-- This site is optimized with the Yoast SEO plugin v21.0 - https:\/\/yoast.com\/wordpress\/plugins\/seo\/ -->\n<title>Werde Mitglied - HerzKlang<\/title>\n<meta name=\"robots\" content=\"index, follow, max-snippet:-1, max-image-preview:large, max-video-preview:-1\" \/>\n<link rel=\"canonical\" href=\"https:\/\/herzklang-verein.at\/index.php\/mitgliedschaft\/\" \/>\n<meta property=\"og:locale\" content=\"de_DE\" \/>\n<meta property=\"og:type\" content=\"article\" \/>\n<meta property=\"og:title\" content=\"Werde Mitglied - HerzKlang\" \/>\n<meta property=\"og:description\" content=\"Werde Vereinsmitglied Werde Teil der HerzKlang-Familie! Wir freuen uns \u00fcber jedes neue Mitglied, und dar\u00fcber, dass unser Verein w\u00e4chst. Wenn dich unsere Verensziele und Aktivit\u00e4ten ansprechen und du zuk\u00fcnftig ein Teil davon sein m\u00f6chtest, melde dich sehr gerne bei uns. Vorteile einer Vereinsmitgliedschaft Mit deiner Mitgliedschaft profitierst du von den nachfolgenden Punkten: Erm\u00e4\u00dfigungen auf s\u00e4mtliche [&hellip;]\" \/>\n<meta property=\"og:url\" content=\"https:\/\/herzklang-verein.at\/index.php\/mitgliedschaft\/\" \/>\n<meta property=\"og:site_name\" content=\"HerzKlang\" \/>\n<meta property=\"article:modified_time\" content=\"2024-12-12T23:18:12+00:00\" \/>\n<meta property=\"og:image\" content=\"https:\/\/herzklang-verein.at\/wp-content\/uploads\/2023\/09\/joy-2483926_1280-300x200.jpg\" \/>\n<meta name=\"twitter:card\" content=\"summary_large_image\" \/>\n<meta name=\"twitter:label1\" content=\"Gesch\u00e4tzte Lesezeit\" \/>\n\t<meta name=\"twitter:data1\" content=\"1\u00a0Minute\" \/>\n<script type=\"application\/ld+json\" class=\"yoast-schema-graph\">{\"@context\":\"https:\/\/schema.org\",\"@graph\":[{\"@type\":\"WebPage\",\"@id\":\"https:\/\/herzklang-verein.at\/index.php\/mitgliedschaft\/\",\"url\":\"https:\/\/herzklang-verein.at\/index.php\/mitgliedschaft\/\",\"name\":\"Werde Mitglied - HerzKlang\",\"isPartOf\":{\"@id\":\"https:\/\/herzklang-verein.at\/#website\"},\"datePublished\":\"2023-09-01T13:20:49+00:00\",\"dateModified\":\"2024-12-12T23:18:12+00:00\",\"breadcrumb\":{\"@id\":\"https:\/\/herzklang-verein.at\/index.php\/mitgliedschaft\/#breadcrumb\"},\"inLanguage\":\"de\",\"potentialAction\":[{\"@type\":\"ReadAction\",\"target\":[\"https:\/\/herzklang-verein.at\/index.php\/mitgliedschaft\/\"]}]},{\"@type\":\"BreadcrumbList\",\"@id\":\"https:\/\/herzklang-verein.at\/index.php\/mitgliedschaft\/#breadcrumb\",\"itemListElement\":[{\"@type\":\"ListItem\",\"position\":1,\"name\":\"Startseite\",\"item\":\"https:\/\/herzklang-verein.at\/\"},{\"@type\":\"ListItem\",\"position\":2,\"name\":\"Werde Mitglied\"}]},{\"@type\":\"WebSite\",\"@id\":\"https:\/\/herzklang-verein.at\/#website\",\"url\":\"https:\/\/herzklang-verein.at\/\",\"name\":\"HerzKlang\",\"description\":\"Verein f\u00fcr Klangvolle Begegnungen und Bewusstes Sein\",\"publisher\":{\"@id\":\"https:\/\/herzklang-verein.at\/#organization\"},\"potentialAction\":[{\"@type\":\"SearchAction\",\"target\":{\"@type\":\"EntryPoint\",\"urlTemplate\":\"https:\/\/herzklang-verein.at\/?s={search_term_string}\"},\"query-input\":\"required name=search_term_string\"}],\"inLanguage\":\"de\"},{\"@type\":\"Organization\",\"@id\":\"https:\/\/herzklang-verein.at\/#organization\",\"name\":\"HerzKlang\",\"url\":\"https:\/\/herzklang-verein.at\/\",\"logo\":{\"@type\":\"ImageObject\",\"inLanguage\":\"de\",\"@id\":\"https:\/\/herzklang-verein.at\/#\/schema\/logo\/image\/\",\"url\":\"https:\/\/herzklang-verein.at\/wp-content\/uploads\/2023\/09\/cropped-cropped-Logo-schwarz-1-3.png\",\"contentUrl\":\"https:\/\/herzklang-verein.at\/wp-content\/uploads\/2023\/09\/cropped-cropped-Logo-schwarz-1-3.png\",\"width\":4167,\"height\":3678,\"caption\":\"HerzKlang\"},\"image\":{\"@id\":\"https:\/\/herzklang-verein.at\/#\/schema\/logo\/image\/\"}}]}<\/script>\n<!-- \/ Yoast SEO plugin. -->","yoast_head_json":{"title":"Werde Mitglied - HerzKlang","robots":{"index":"index","follow":"follow","max-snippet":"max-snippet:-1","max-image-preview":"max-image-preview:large","max-video-preview":"max-video-preview:-1"},"canonical":"https:\/\/herzklang-verein.at\/index.php\/mitgliedschaft\/","og_locale":"de_DE","og_type":"article","og_title":"Werde Mitglied - HerzKlang","og_description":"Werde Vereinsmitglied Werde Teil der HerzKlang-Familie! Wir freuen uns \u00fcber jedes neue Mitglied, und dar\u00fcber, dass unser Verein w\u00e4chst. Wenn dich unsere Verensziele und Aktivit\u00e4ten ansprechen und du zuk\u00fcnftig ein Teil davon sein m\u00f6chtest, melde dich sehr gerne bei uns. Vorteile einer Vereinsmitgliedschaft Mit deiner Mitgliedschaft profitierst du von den nachfolgenden Punkten: Erm\u00e4\u00dfigungen auf s\u00e4mtliche [&hellip;]","og_url":"https:\/\/herzklang-verein.at\/index.php\/mitgliedschaft\/","og_site_name":"HerzKlang","article_modified_time":"2024-12-12T23:18:12+00:00","og_image":[{"url":"https:\/\/herzklang-verein.at\/wp-content\/uploads\/2023\/09\/joy-2483926_1280-300x200.jpg"}],"twitter_card":"summary_large_image","twitter_misc":{"Gesch\u00e4tzte Lesezeit":"1\u00a0Minute"},"schema":{"@context":"https:\/\/schema.org","@graph":[{"@type":"WebPage","@id":"https:\/\/herzklang-verein.at\/index.php\/mitgliedschaft\/","url":"https:\/\/herzklang-verein.at\/index.php\/mitgliedschaft\/","name":"Werde Mitglied - HerzKlang","isPartOf":{"@id":"https:\/\/herzklang-verein.at\/#website"},"datePublished":"2023-09-01T13:20:49+00:00","dateModified":"2024-12-12T23:18:12+00:00","breadcrumb":{"@id":"https:\/\/herzklang-verein.at\/index.php\/mitgliedschaft\/#breadcrumb"},"inLanguage":"de","potentialAction":[{"@type":"ReadAction","target":["https:\/\/herzklang-verein.at\/index.php\/mitgliedschaft\/"]}]},{"@type":"BreadcrumbList","@id":"https:\/\/herzklang-verein.at\/index.php\/mitgliedschaft\/#breadcrumb","itemListElement":[{"@type":"ListItem","position":1,"name":"Startseite","item":"https:\/\/herzklang-verein.at\/"},{"@type":"ListItem","position":2,"name":"Werde Mitglied"}]},{"@type":"WebSite","@id":"https:\/\/herzklang-verein.at\/#website","url":"https:\/\/herzklang-verein.at\/","name":"HerzKlang","description":"Verein f\u00fcr Klangvolle Begegnungen und Bewusstes Sein","publisher":{"@id":"https:\/\/herzklang-verein.at\/#organization"},"potentialAction":[{"@type":"SearchAction","target":{"@type":"EntryPoint","urlTemplate":"https:\/\/herzklang-verein.at\/?s={search_term_string}"},"query-input":"required name=search_term_string"}],"inLanguage":"de"},{"@type":"Organization","@id":"https:\/\/herzklang-verein.at\/#organization","name":"HerzKlang","url":"https:\/\/herzklang-verein.at\/","logo":{"@type":"ImageObject","inLanguage":"de","@id":"https:\/\/herzklang-verein.at\/#\/schema\/logo\/image\/","url":"https:\/\/herzklang-verein.at\/wp-content\/uploads\/2023\/09\/cropped-cropped-Logo-schwarz-1-3.png","contentUrl":"https:\/\/herzklang-verein.at\/wp-content\/uploads\/2023\/09\/cropped-cropped-Logo-schwarz-1-3.png","width":4167,"height":3678,"caption":"HerzKlang"},"image":{"@id":"https:\/\/herzklang-verein.at\/#\/schema\/logo\/image\/"}}]}},"campaignId":"","_links":{"self":[{"href":"https:\/\/herzklang-verein.at\/index.php\/wp-json\/wp\/v2\/pages\/83","targetHints":{"allow":["GET"]}}],"collection":[{"href":"https:\/\/herzklang-verein.at\/index.php\/wp-json\/wp\/v2\/pages"}],"about":[{"href":"https:\/\/herzklang-verein.at\/index.php\/wp-json\/wp\/v2\/types\/page"}],"author":[{"embeddable":true,"href":"https:\/\/herzklang-verein.at\/index.php\/wp-json\/wp\/v2\/users\/1"}],"replies":[{"embeddable":true,"href":"https:\/\/herzklang-verein.at\/index.php\/wp-json\/wp\/v2\/comments?post=83"}],"version-history":[{"count":33,"href":"https:\/\/herzklang-verein.at\/index.php\/wp-json\/wp\/v2\/pages\/83\/revisions"}],"predecessor-version":[{"id":863,"href":"https:\/\/herzklang-verein.at\/index.php\/wp-json\/wp\/v2\/pages\/83\/revisions\/863"}],"wp:attachment":[{"href":"https:\/\/herzklang-verein.at\/index.php\/wp-json\/wp\/v2\/media?parent=83"}],"curies":[{"name":"wp","href":"https:\/\/api.w.org\/{rel}","templated":true}]}}