{"id":421,"date":"2023-09-15T18:30:28","date_gmt":"2023-09-15T18:30:28","guid":{"rendered":"https:\/\/herzklang-verein.at\/?page_id=421"},"modified":"2023-09-15T18:35:04","modified_gmt":"2023-09-15T18:35:04","slug":"datenschutz","status":"publish","type":"page","link":"https:\/\/herzklang-verein.at\/index.php\/datenschutz\/","title":{"rendered":"Datenschutz"},"content":{"rendered":"\t\t<div data-elementor-type=\"wp-page\" data-elementor-id=\"421\" class=\"elementor elementor-421\">\n\t\t\t\t\t\t\t<div class=\"elementor-element elementor-element-b9982a5 e-con-full e-flex e-con\" data-id=\"b9982a5\" data-element_type=\"container\" data-settings=\"{&quot;content_width&quot;:&quot;full&quot;,&quot;background_background&quot;:&quot;classic&quot;}\">\n\t\t\t\t<\/div>\n\t\t<div class=\"elementor-element elementor-element-8dc786d e-flex e-con-boxed e-con\" data-id=\"8dc786d\" data-element_type=\"container\" data-settings=\"{&quot;background_background&quot;:&quot;classic&quot;,&quot;content_width&quot;:&quot;boxed&quot;}\">\n\t\t\t\t\t<div class=\"e-con-inner\">\n\t\t<div class=\"elementor-element elementor-element-63bb8cf e-con-full e-flex e-con\" data-id=\"63bb8cf\" data-element_type=\"container\" data-settings=\"{&quot;content_width&quot;:&quot;full&quot;,&quot;background_background&quot;:&quot;classic&quot;}\">\n\t\t<div class=\"elementor-element elementor-element-1660cbc e-flex e-con-boxed e-con\" data-id=\"1660cbc\" data-element_type=\"container\" data-settings=\"{&quot;content_width&quot;:&quot;boxed&quot;}\">\n\t\t\t\t\t<div class=\"e-con-inner\">\n\t\t\t\t<div class=\"elementor-element elementor-element-c4b6696 elementor-widget elementor-widget-heading\" data-id=\"c4b6696\" data-element_type=\"widget\" data-widget_type=\"heading.default\">\n\t\t\t\t<div class=\"elementor-widget-container\">\n\t\t\t<style>\/*! elementor - v3.15.0 - 20-08-2023 *\/\n.elementor-heading-title{padding:0;margin:0;line-height:1}.elementor-widget-heading .elementor-heading-title[class*=elementor-size-]>a{color:inherit;font-size:inherit;line-height:inherit}.elementor-widget-heading .elementor-heading-title.elementor-size-small{font-size:15px}.elementor-widget-heading .elementor-heading-title.elementor-size-medium{font-size:19px}.elementor-widget-heading .elementor-heading-title.elementor-size-large{font-size:29px}.elementor-widget-heading .elementor-heading-title.elementor-size-xl{font-size:39px}.elementor-widget-heading .elementor-heading-title.elementor-size-xxl{font-size:59px}<\/style><h2 class=\"elementor-heading-title elementor-size-default\">Datenschutz<\/h2>\t\t<\/div>\n\t\t\t\t<\/div>\n\t\t\t\t<div class=\"elementor-element elementor-element-5a44331 elementor-widget elementor-widget-text-editor\" data-id=\"5a44331\" data-element_type=\"widget\" data-widget_type=\"text-editor.default\">\n\t\t\t\t<div class=\"elementor-widget-container\">\n\t\t\t<style>\/*! elementor - v3.15.0 - 20-08-2023 *\/\n.elementor-widget-text-editor.elementor-drop-cap-view-stacked .elementor-drop-cap{background-color:#69727d;color:#fff}.elementor-widget-text-editor.elementor-drop-cap-view-framed .elementor-drop-cap{color:#69727d;border:3px solid;background-color:transparent}.elementor-widget-text-editor:not(.elementor-drop-cap-view-default) .elementor-drop-cap{margin-top:8px}.elementor-widget-text-editor:not(.elementor-drop-cap-view-default) .elementor-drop-cap-letter{width:1em;height:1em}.elementor-widget-text-editor .elementor-drop-cap{float:left;text-align:center;line-height:1;font-size:50px}.elementor-widget-text-editor .elementor-drop-cap-letter{display:inline-block}<\/style>\t\t\t\t<p><b>Datenschutzmitteilung<\/b><\/p><p>Diese Website wird betrieben von:<\/p><p>HerzKlang Verein<br \/>Griesstra\u00dfe 29<br \/>4502 St. Marien<br \/>ZVR-Zahl: ..<\/p><p>Obfrau: Sabine Leisch<\/p><p>Der Schutz Ihrer personenbezogenen Daten ist uns ein besonderes Anliegen. Wir verarbeiten Ihre Daten daher ausschlie\u00dflich auf Grundlage der gesetzlichen Bestimmungen (DSGVO, DSG, TKG 2003). In dieser Datenschutzmitteilung informieren wir Sie \u00fcber die wichtigsten Aspekte der Datenverarbeitung im Rahmen unserer Website.<\/p><p><strong>Welche Daten wir \u00fcber Sie verarbeiten<\/strong><\/p><p>Im Zuge Ihres Besuches dieser Website erheben wir einige Informationen, die in den folgenden Abschnitten genau dargelegt werden. Weiters verarbeiten wir auch jene Informationen, die Sie selbst durch Ausf\u00fcllen der Kontakt- oder Anmeldeformulare stellen.<\/p><p>Es besteht keine Verpflichtung, jene Daten, um deren Angabe wir Sie auf unserer Website bitten, tats\u00e4chlich anzugeben. Wenn Sie dies jedoch nicht tun, wird es Ihnen nicht m\u00f6glich sein, alle Funktionen der Website zu nutzen.<\/p><p><strong>Zwecke der Datenverarbeitung<\/strong><\/p><p>Wir verarbeiten Ihre Daten auf Grundlage unseres \u00fcberwiegenden berechtigten Interesses (Art 6 Abs 1 lit f DSGVO).<\/p><p><strong>\u00dcbermittlung Ihrer personenbezogenen Daten<\/strong><\/p><p>Ihre Daten werden nicht an Dritte weitergegeben, au\u00dfer es handelt sich dabei um sog. Auftragsverarbeiter, die zur Erf\u00fcllung unserer vertraglichen Verpflichtungen n\u00f6tig sind. Mit jedem Auftragsverarbeiter wird eine gesonderte Vereinbarung \u00fcber eine Auftragsverarbeitung abgeschlossen, welche den datenschutzrechtlichen Anforderungen entspricht (Art 28 DSGVO). Wir achten insbesondere darauf, dass unsere Auftragsverarbeiter Ihre Daten ausschlie\u00dflich in der EU verarbeiten.<\/p><p><strong>Cookies<\/strong><\/p><p>Unsere Website verwendet so genannte Cookies. Dabei handelt es sich um kleine Textdateien, die mit Hilfe des Browsers auf Ihrem Endger\u00e4t abgelegt werden.<\/p><p>Wir nutzen Cookies dazu, unser Angebot nutzerfreundlich zu gestalten. Einige Cookies bleiben auf Ihrem Endger\u00e4t gespeichert, bis Sie diese l\u00f6schen. Sie erm\u00f6glichen es uns, Ihren Browser beim n\u00e4chsten Besuch wiederzuerkennen.<\/p><p>Wenn Sie dies nicht w\u00fcnschen, so k\u00f6nnen Sie Ihren Browser so einrichten, dass er Sie \u00fcber das Setzen von Cookies informiert und Sie dies nur im Einzelfall erlauben. Wenn Sie mehr dar\u00fcber wissen m\u00f6chten ben\u00fctzen Sie bitte die \u201eHilfe\u201c-Funktion in Ihrem Browser.<\/p><p>Bei der Deaktivierung von Cookies kann die Funktionalit\u00e4t unserer Website eingeschr\u00e4nkt sein und Sie in manchen F\u00e4llen daran hindern, diese Website vollst\u00e4ndig zu nutzen.<\/p><p><strong>Newsletter<\/strong><\/p><p>Sie haben die M\u00f6glichkeit, \u00fcber unsere Website unseren Newsletter zu abonnieren. Hierf\u00fcr ben\u00f6tigen wir Ihre E-Mail-Adresse und ihre Erkl\u00e4rung, dass Sie mit dem Bezug des Newsletters einverstanden sind. Weitere Angaben (Anrede und Name) sind optional.<\/p><p>Sobald Sie sich f\u00fcr den Newsletter angemeldet haben, senden wir Ihnen ein Best\u00e4tigungs-E-Mail mit einem Link zur Best\u00e4tigung der Anmeldung.<\/p><p>Das Abo des Newsletters k\u00f6nnen Sie jederzeit stornieren. Sie finden dazu in jedem Newsletter einen entsprechenden Link vor. Wir l\u00f6schen anschlie\u00dfend umgehend Ihre Daten im Zusammenhang mit dem Newsletter-Versand.<\/p><p><strong>Speicherdauer<\/strong><\/p><p>Wir werden Ihre Daten maximal f\u00fcr eine Dauer von drei Monaten speichern. Eine l\u00e4ngere Speicherung erfolgt nur, soweit dies erforderlich ist, um festgestellte Angriffe auf unsere Website zu untersuchen.<\/p><p><strong>Ihre Rechte<\/strong><\/p><p>Ihnen stehen grunds\u00e4tzlich die Rechte auf Auskunft, Berichtigung, L\u00f6schung, Einschr\u00e4nkung, Daten\u00fcbertragbarkeit, Widerruf und Widerspruch zu. Wenn Sie glauben, dass die Verarbeitung Ihrer Daten gegen das Datenschutzrecht verst\u00f6\u00dft oder Ihre datenschutzrechtlichen Anspr\u00fcche sonst in einer Weise verletzt worden sind, k\u00f6nnen Sie sich bei der Aufsichtsbeh\u00f6rde beschweren. In \u00d6sterreich ist dies die Datenschutzbeh\u00f6rde.<\/p>\t\t\t\t\t\t<\/div>\n\t\t\t\t<\/div>\n\t\t\t\t\t<\/div>\n\t\t\t\t<\/div>\n\t\t\t\t<\/div>\n\t\t\t\t\t<\/div>\n\t\t\t\t<\/div>\n\t\t\t\t\t\t\t<\/div>\n\t\t","protected":false},"excerpt":{"rendered":"<p>Datenschutz Datenschutzmitteilung Diese Website wird betrieben von: HerzKlang VereinGriesstra\u00dfe 294502 St. MarienZVR-Zahl: .. Obfrau: Sabine Leisch Der Schutz Ihrer personenbezogenen Daten ist uns ein besonderes Anliegen. Wir verarbeiten Ihre Daten daher ausschlie\u00dflich auf Grundlage der gesetzlichen Bestimmungen (DSGVO, DSG, TKG 2003). In dieser Datenschutzmitteilung informieren wir Sie \u00fcber die wichtigsten Aspekte der Datenverarbeitung im Rahmen [&hellip;]<\/p>\n","protected":false},"author":1,"featured_media":0,"parent":0,"menu_order":0,"comment_status":"closed","ping_status":"closed","template":"","meta":{"give_campaign_id":0,"footnotes":""},"class_list":["post-421","page","type-page","status-publish","hentry","entry"],"yoast_head":"<!-- This site is optimized with the Yoast SEO plugin v21.0 - https:\/\/yoast.com\/wordpress\/plugins\/seo\/ -->\n<title>Datenschutz - HerzKlang<\/title>\n<meta name=\"robots\" content=\"index, follow, max-snippet:-1, max-image-preview:large, max-video-preview:-1\" \/>\n<link rel=\"canonical\" href=\"https:\/\/herzklang-verein.at\/index.php\/datenschutz\/\" \/>\n<meta property=\"og:locale\" content=\"de_DE\" \/>\n<meta property=\"og:type\" content=\"article\" \/>\n<meta property=\"og:title\" content=\"Datenschutz - HerzKlang\" \/>\n<meta property=\"og:description\" content=\"Datenschutz Datenschutzmitteilung Diese Website wird betrieben von: HerzKlang VereinGriesstra\u00dfe 294502 St. MarienZVR-Zahl: .. Obfrau: Sabine Leisch Der Schutz Ihrer personenbezogenen Daten ist uns ein besonderes Anliegen. Wir verarbeiten Ihre Daten daher ausschlie\u00dflich auf Grundlage der gesetzlichen Bestimmungen (DSGVO, DSG, TKG 2003). In dieser Datenschutzmitteilung informieren wir Sie \u00fcber die wichtigsten Aspekte der Datenverarbeitung im Rahmen [&hellip;]\" \/>\n<meta property=\"og:url\" content=\"https:\/\/herzklang-verein.at\/index.php\/datenschutz\/\" \/>\n<meta property=\"og:site_name\" content=\"HerzKlang\" \/>\n<meta property=\"article:modified_time\" content=\"2023-09-15T18:35:04+00:00\" \/>\n<meta name=\"twitter:card\" content=\"summary_large_image\" \/>\n<meta name=\"twitter:label1\" content=\"Gesch\u00e4tzte Lesezeit\" \/>\n\t<meta name=\"twitter:data1\" content=\"3\u00a0Minuten\" \/>\n<script type=\"application\/ld+json\" class=\"yoast-schema-graph\">{\"@context\":\"https:\/\/schema.org\",\"@graph\":[{\"@type\":\"WebPage\",\"@id\":\"https:\/\/herzklang-verein.at\/index.php\/datenschutz\/\",\"url\":\"https:\/\/herzklang-verein.at\/index.php\/datenschutz\/\",\"name\":\"Datenschutz - HerzKlang\",\"isPartOf\":{\"@id\":\"https:\/\/herzklang-verein.at\/#website\"},\"datePublished\":\"2023-09-15T18:30:28+00:00\",\"dateModified\":\"2023-09-15T18:35:04+00:00\",\"breadcrumb\":{\"@id\":\"https:\/\/herzklang-verein.at\/index.php\/datenschutz\/#breadcrumb\"},\"inLanguage\":\"de\",\"potentialAction\":[{\"@type\":\"ReadAction\",\"target\":[\"https:\/\/herzklang-verein.at\/index.php\/datenschutz\/\"]}]},{\"@type\":\"BreadcrumbList\",\"@id\":\"https:\/\/herzklang-verein.at\/index.php\/datenschutz\/#breadcrumb\",\"itemListElement\":[{\"@type\":\"ListItem\",\"position\":1,\"name\":\"Startseite\",\"item\":\"https:\/\/herzklang-verein.at\/\"},{\"@type\":\"ListItem\",\"position\":2,\"name\":\"Datenschutz\"}]},{\"@type\":\"WebSite\",\"@id\":\"https:\/\/herzklang-verein.at\/#website\",\"url\":\"https:\/\/herzklang-verein.at\/\",\"name\":\"HerzKlang\",\"description\":\"Verein f\u00fcr Klangvolle Begegnungen und Bewusstes Sein\",\"publisher\":{\"@id\":\"https:\/\/herzklang-verein.at\/#organization\"},\"potentialAction\":[{\"@type\":\"SearchAction\",\"target\":{\"@type\":\"EntryPoint\",\"urlTemplate\":\"https:\/\/herzklang-verein.at\/?s={search_term_string}\"},\"query-input\":\"required name=search_term_string\"}],\"inLanguage\":\"de\"},{\"@type\":\"Organization\",\"@id\":\"https:\/\/herzklang-verein.at\/#organization\",\"name\":\"HerzKlang\",\"url\":\"https:\/\/herzklang-verein.at\/\",\"logo\":{\"@type\":\"ImageObject\",\"inLanguage\":\"de\",\"@id\":\"https:\/\/herzklang-verein.at\/#\/schema\/logo\/image\/\",\"url\":\"https:\/\/herzklang-verein.at\/wp-content\/uploads\/2023\/09\/cropped-cropped-Logo-schwarz-1-3.png\",\"contentUrl\":\"https:\/\/herzklang-verein.at\/wp-content\/uploads\/2023\/09\/cropped-cropped-Logo-schwarz-1-3.png\",\"width\":4167,\"height\":3678,\"caption\":\"HerzKlang\"},\"image\":{\"@id\":\"https:\/\/herzklang-verein.at\/#\/schema\/logo\/image\/\"}}]}<\/script>\n<!-- \/ Yoast SEO plugin. -->","yoast_head_json":{"title":"Datenschutz - HerzKlang","robots":{"index":"index","follow":"follow","max-snippet":"max-snippet:-1","max-image-preview":"max-image-preview:large","max-video-preview":"max-video-preview:-1"},"canonical":"https:\/\/herzklang-verein.at\/index.php\/datenschutz\/","og_locale":"de_DE","og_type":"article","og_title":"Datenschutz - HerzKlang","og_description":"Datenschutz Datenschutzmitteilung Diese Website wird betrieben von: HerzKlang VereinGriesstra\u00dfe 294502 St. MarienZVR-Zahl: .. Obfrau: Sabine Leisch Der Schutz Ihrer personenbezogenen Daten ist uns ein besonderes Anliegen. Wir verarbeiten Ihre Daten daher ausschlie\u00dflich auf Grundlage der gesetzlichen Bestimmungen (DSGVO, DSG, TKG 2003). In dieser Datenschutzmitteilung informieren wir Sie \u00fcber die wichtigsten Aspekte der Datenverarbeitung im Rahmen [&hellip;]","og_url":"https:\/\/herzklang-verein.at\/index.php\/datenschutz\/","og_site_name":"HerzKlang","article_modified_time":"2023-09-15T18:35:04+00:00","twitter_card":"summary_large_image","twitter_misc":{"Gesch\u00e4tzte Lesezeit":"3\u00a0Minuten"},"schema":{"@context":"https:\/\/schema.org","@graph":[{"@type":"WebPage","@id":"https:\/\/herzklang-verein.at\/index.php\/datenschutz\/","url":"https:\/\/herzklang-verein.at\/index.php\/datenschutz\/","name":"Datenschutz - HerzKlang","isPartOf":{"@id":"https:\/\/herzklang-verein.at\/#website"},"datePublished":"2023-09-15T18:30:28+00:00","dateModified":"2023-09-15T18:35:04+00:00","breadcrumb":{"@id":"https:\/\/herzklang-verein.at\/index.php\/datenschutz\/#breadcrumb"},"inLanguage":"de","potentialAction":[{"@type":"ReadAction","target":["https:\/\/herzklang-verein.at\/index.php\/datenschutz\/"]}]},{"@type":"BreadcrumbList","@id":"https:\/\/herzklang-verein.at\/index.php\/datenschutz\/#breadcrumb","itemListElement":[{"@type":"ListItem","position":1,"name":"Startseite","item":"https:\/\/herzklang-verein.at\/"},{"@type":"ListItem","position":2,"name":"Datenschutz"}]},{"@type":"WebSite","@id":"https:\/\/herzklang-verein.at\/#website","url":"https:\/\/herzklang-verein.at\/","name":"HerzKlang","description":"Verein f\u00fcr Klangvolle Begegnungen und Bewusstes Sein","publisher":{"@id":"https:\/\/herzklang-verein.at\/#organization"},"potentialAction":[{"@type":"SearchAction","target":{"@type":"EntryPoint","urlTemplate":"https:\/\/herzklang-verein.at\/?s={search_term_string}"},"query-input":"required name=search_term_string"}],"inLanguage":"de"},{"@type":"Organization","@id":"https:\/\/herzklang-verein.at\/#organization","name":"HerzKlang","url":"https:\/\/herzklang-verein.at\/","logo":{"@type":"ImageObject","inLanguage":"de","@id":"https:\/\/herzklang-verein.at\/#\/schema\/logo\/image\/","url":"https:\/\/herzklang-verein.at\/wp-content\/uploads\/2023\/09\/cropped-cropped-Logo-schwarz-1-3.png","contentUrl":"https:\/\/herzklang-verein.at\/wp-content\/uploads\/2023\/09\/cropped-cropped-Logo-schwarz-1-3.png","width":4167,"height":3678,"caption":"HerzKlang"},"image":{"@id":"https:\/\/herzklang-verein.at\/#\/schema\/logo\/image\/"}}]}},"campaignId":"","_links":{"self":[{"href":"https:\/\/herzklang-verein.at\/index.php\/wp-json\/wp\/v2\/pages\/421","targetHints":{"allow":["GET"]}}],"collection":[{"href":"https:\/\/herzklang-verein.at\/index.php\/wp-json\/wp\/v2\/pages"}],"about":[{"href":"https:\/\/herzklang-verein.at\/index.php\/wp-json\/wp\/v2\/types\/page"}],"author":[{"embeddable":true,"href":"https:\/\/herzklang-verein.at\/index.php\/wp-json\/wp\/v2\/users\/1"}],"replies":[{"embeddable":true,"href":"https:\/\/herzklang-verein.at\/index.php\/wp-json\/wp\/v2\/comments?post=421"}],"version-history":[{"count":4,"href":"https:\/\/herzklang-verein.at\/index.php\/wp-json\/wp\/v2\/pages\/421\/revisions"}],"predecessor-version":[{"id":425,"href":"https:\/\/herzklang-verein.at\/index.php\/wp-json\/wp\/v2\/pages\/421\/revisions\/425"}],"wp:attachment":[{"href":"https:\/\/herzklang-verein.at\/index.php\/wp-json\/wp\/v2\/media?parent=421"}],"curies":[{"name":"wp","href":"https:\/\/api.w.org\/{rel}","templated":true}]}}